{"id":1378,"date":"2021-09-25T18:02:23","date_gmt":"2021-09-25T18:02:23","guid":{"rendered":"https:\/\/karinehayek.com\/?page_id=1378"},"modified":"2021-12-30T22:49:47","modified_gmt":"2021-12-30T22:49:47","slug":"journalistt","status":"publish","type":"page","link":"https:\/\/karinehayek.com\/?page_id=1378&lang=fr","title":{"rendered":"journalistt"},"content":{"rendered":"<div class=\"wpb-content-wrapper\"><p>[vc_row cth_layout=&#8221;page_sec&#8221; cth_padding=&#8221;top80-bot0&#8243; col_cen_pos=&#8221;yes&#8221;][vc_column width=&#8221;1\/2&#8243;][vc_single_image image=&#8221;1319&#8243; img_size=&#8221;full&#8221; el_class=&#8221;m-b0-im&#8221;][\/vc_column][vc_column width=&#8221;1\/2&#8243;][archia_section_title title=&#8221;Karine en tant que journaliste&#8221; section_loca=&#8221;&#8221; col_title=&#8221;text-black&#8221;][\/archia_section_title][vc_column_text]Bien que l\u2019art d \u00e9crire conserve toute sa valeur dans mon \u00e9criture journalistique, il est cependant important de souligner qu&#8217;\u00e9crire pour les m\u00e9dias c\u2019est avant tout \u00eatre dans le vrai, dans la rigueur, dans l\u2019exactitude.<\/p>\n<p>Ainsi la pierre angulaire du reportage r\u00e9ussi c\u2019est de raconter des faits et surtout mettre en avant le v\u00e9cu et le t\u00e9moignage des gens.<\/p>\n<p>Bien que manier les mots c\u2019est informer, raconter, \u00e9mouvoir, sauf que le mot dominant dans le journalisme est de croiser l\u2019informations pour rester encore et toujours dans le vrai. Telle est ma ligne conductrice.<\/p>\n<p>Il arrive parfois comme le dit si bien Moses Isegwa: \u00ab le Journaliste transforme les mots en armes \u00bb car face \u00e0 la d\u00e9tresse il est important de souligner et de pointer du doigt les ignominies de l&#8217;environment qui nous entoure. Il est vital de toujours se battre pour ces id\u00e9aux dont le ma\u00eetre mot est la condition humaine[\/vc_column_text][\/vc_column][\/vc_row][vc_row cth_layout=&#8221;page_sec&#8221;][vc_column css=&#8221;.vc_custom_1632330695599{padding-bottom: -3px !important;}&#8221;][archia_section_title title=&#8221;Articles written in L&#8217;Orient-Le Jour.&#8221;]<\/p>\n<p>[\/archia_section_title][\/vc_column][\/vc_row][vc_row cth_layout=&#8221;page_sec&#8221; cth_padding=&#8221;top80-bot0&#8243; col_cen_pos=&#8221;yes&#8221;][vc_column width=&#8221;1\/2&#8243;][vc_column_text]<\/p>\n<p>Mohammad Khayata, photographe et artiste engag\u00e9<br \/>\n<a href=\"https:\/\/bit.ly\/2W5CzMU\">https:\/\/bit.ly\/2W5CzMU\u00a0<\/a><\/p>\n<p>Les adolescents libanais sous l\u2019emprise d\u2019une double menace<br \/>\n<a href=\"https:\/\/bit.ly\/3hZkdF7\">https:\/\/bit.ly\/3hZkdF7<\/a><\/p>\n<p>Pour promouvoir la paix, de jeunes journalistes repensent leur m\u00e9tier<br \/>\n<a href=\"https:\/\/bit.ly\/2XI8NPe\">https:\/\/bit.ly\/2XI8NPe<\/a><\/p>\n<p>PANAMA PAPERS \u2013 \u00ab Nous avons fait bouger les choses \u00bb<br \/>\n<a href=\"https:\/\/bit.ly\/3EExUmu\">https:\/\/bit.ly\/3EExUmu<\/a><\/p>\n<p>SALON DU LIVRE DE BEYROUTH 2016 \u2013 J-8 avant l\u2019inauguration<br \/>\n<a href=\"https:\/\/bit.ly\/3lN0Ujs\">https:\/\/bit.ly\/3lN0Ujs<\/a><\/p>\n<p>EXPO &#8211; \u00ab Art in motion \u00bb s\u2019installe dans le jardin public Ren\u00e9 Moawad<br \/>\n<a href=\"https:\/\/bit.ly\/2W1t01l\">https:\/\/bit.ly\/2W1t01l<\/a><\/p>\n<p>FRANCOPHONIE &#8211; Chaque ann\u00e9e, le Moyen-Orient a son Goncourt<br \/>\n<a href=\"https:\/\/bit.ly\/39rQLTp\">https:\/\/bit.ly\/39rQLTp<\/a><\/p>\n<p><span style=\"font-weight: 400;\">One article here on AGENDA CULTUREL:<br \/>\n<\/span><a href=\"https:\/\/www.agendaculturel.com\/article\/Livre_Rencontre_du_BookClub_avec_Kamel+Daoud\">https:\/\/bit.ly\/3igh8Rv<\/a>[\/vc_column_text][\/vc_column][vc_column width=&#8221;1\/2&#8243;][vc_column_text]<span style=\"font-weight: 400;\">One article for ALBA university: <\/span><a style=\"font-family: -apple-system, BlinkMacSystemFont, 'Segoe UI', Roboto, Oxygen-Sans, Ubuntu, Cantarell, 'Helvetica Neue', sans-serif;\" href=\"https:\/\/alba.edu.lb\/MenuImages\/10Orient03032012_0.pdf\">https:\/\/alba.edu.lb\/MenuImages\/10Orient03032012_0.pdf\u00a0<\/a><\/p>\n<p><span style=\"font-weight: 400;\">Article Afef Journalism:<br \/>\n<\/span><a href=\"http:\/\/afej-journalisme.com\/interview\/les-enigmatiques-variations-de-la-vengeance-du-pardon-deric-emmanuel-schmitt.\">https:\/\/bit.ly\/3xaxfUY\u00a0\u00a0<\/a><\/p>\n<p><span style=\"font-weight: 400;\">World Lebanese Cultural Union:<br \/>\n<\/span><a href=\"https:\/\/wlcui.com\/2014\/02\/09\/a-group-of-young-lebanese-created-an-internet-health-portal-etobb-a-medical-portal-for-the-public\/\">https:\/\/bit.ly\/3yfPJVu<\/a><\/p>\n<p>\u00c0 la conqu\u00eate de l\u2019Islande \u00e0 v\u00e9lo:<br \/>\n<a href=\"https:\/\/bit.ly\/3u9UJJV\">https:\/\/bit.ly\/3u9UJJV<\/a><\/p>\n<p>Team Lebanon \u00e0 l\u2019assaut des sept plus hauts sommets du monde:<br \/>\n<a href=\"https:\/\/bit.ly\/3u4ANby\">\u00a0https:\/\/bit.ly\/3u4ANby<\/a><\/p>\n<p>Ghassan Abdelnour, un champion hors pair:<br \/>\n<a href=\"https:\/\/bit.ly\/3nUhYXr\">https:\/\/bit.ly\/3nUhYXr\u00a0<\/a><\/p>\n<p>Aur\u00e9lien Zouki, com\u00e9dien, danseur et marionnettiste<br \/>\n<a href=\"https:\/\/bit.ly\/3CBJQDQ\">https:\/\/bit.ly\/3CBJQDQ\u00a0<\/a><\/p>\n<p>&nbsp;<\/p>\n<p>[\/vc_column_text][\/vc_column][\/vc_row][vc_row][vc_column width=&#8221;1\/6&#8243;][\/vc_column][vc_column width=&#8221;1\/3&#8243;][vc_images_carousel images=&#8221;1196&#8243; img_size=&#8221;full&#8221; speed=&#8221;3000&#8243; autoplay=&#8221;yes&#8221; wrap=&#8221;yes&#8221; css_animation=&#8221;bounceIn&#8221;][vc_column_text]<strong>Serpents Du Liban <\/strong>[\/vc_column_text][\/vc_column][vc_column width=&#8221;1\/3&#8243;][vc_images_carousel images=&#8221;1166&#8243; img_size=&#8221;full&#8221; speed=&#8221;3000&#8243; autoplay=&#8221;yes&#8221; wrap=&#8221;yes&#8221; css_animation=&#8221;bounceIn&#8221;][vc_column_text]<strong>Interview avec Helene Carrere D&#8217;encausse<\/strong>[\/vc_column_text][\/vc_column][vc_column width=&#8221;1\/6&#8243;][\/vc_column][\/vc_row][vc_row][vc_column width=&#8221;1\/6&#8243;][\/vc_column][vc_column width=&#8221;1\/3&#8243;][vc_images_carousel images=&#8221;1170&#8243; img_size=&#8221;full&#8221; speed=&#8221;3000&#8243; autoplay=&#8221;yes&#8221; wrap=&#8221;yes&#8221; css_animation=&#8221;bounceIn&#8221;][vc_column_text]<strong>Interview avec Alessandro Safina<\/strong>[\/vc_column_text][\/vc_column][vc_column width=&#8221;1\/3&#8243;][vc_images_carousel images=&#8221;1184&#8243; img_size=&#8221;full&#8221; speed=&#8221;3000&#8243; autoplay=&#8221;yes&#8221; wrap=&#8221;yes&#8221; css_animation=&#8221;bounceIn&#8221;][vc_column_text]<strong>Interview avec Alain Decaux<\/strong>[\/vc_column_text][\/vc_column][vc_column width=&#8221;1\/6&#8243;][\/vc_column][\/vc_row][vc_row][vc_column width=&#8221;1\/6&#8243;][\/vc_column][vc_column width=&#8221;1\/3&#8243;][vc_images_carousel images=&#8221;1188&#8243; img_size=&#8221;full&#8221; speed=&#8221;3000&#8243; autoplay=&#8221;yes&#8221; wrap=&#8221;yes&#8221; css_animation=&#8221;bounceIn&#8221;][vc_column_text]<strong>Interview avec Jean- Francois Clervoy<\/strong>[\/vc_column_text][\/vc_column][vc_column width=&#8221;1\/3&#8243;][vc_images_carousel images=&#8221;1190&#8243; img_size=&#8221;full&#8221; speed=&#8221;3000&#8243; autoplay=&#8221;yes&#8221; wrap=&#8221;yes&#8221; css_animation=&#8221;bounceIn&#8221;][vc_column_text]<strong>Interview avec Jorge Edwards\u00a0<\/strong>[\/vc_column_text][\/vc_column][vc_column width=&#8221;1\/6&#8243;][\/vc_column][\/vc_row]<\/p>\n<\/div>","protected":false},"excerpt":{"rendered":"<p>[vc_row cth_layout=&#8221;page_sec&#8221; cth_padding=&#8221;top80-bot0&#8243; col_cen_pos=&#8221;yes&#8221;][vc_column width=&#8221;1\/2&#8243;][vc_single_image image=&#8221;1319&#8243; img_size=&#8221;full&#8221; el_class=&#8221;m-b0-im&#8221;][\/vc_column][vc_column width=&#8221;1\/2&#8243;][archia_section_title title=&#8221;Karine en tant que journaliste&#8221; section_loca=&#8221;&#8221; col_title=&#8221;text-black&#8221;][\/archia_section_title][vc_column_text]Bien que l\u2019art d \u00e9crire conserve toute sa valeur dans mon \u00e9criture journalistique, il est cependant important de souligner qu&#8217;\u00e9crire pour les m\u00e9dias c\u2019est avant tout \u00eatre dans le vrai, dans la rigueur, dans l\u2019exactitude. Ainsi la pierre angulaire du &hellip; <\/p>\n","protected":false},"author":1,"featured_media":0,"parent":0,"menu_order":0,"comment_status":"closed","ping_status":"closed","template":"home-page.php","meta":{"nf_dc_page":"","om_disable_all_campaigns":false,"_monsterinsights_skip_tracking":false,"_monsterinsights_sitenote_active":false,"_monsterinsights_sitenote_note":"","_monsterinsights_sitenote_category":0,"footnotes":""},"class_list":["post-1378","page","type-page","status-publish","hentry"],"aioseo_notices":[],"jetpack_sharing_enabled":true,"_links":{"self":[{"href":"https:\/\/karinehayek.com\/index.php?rest_route=\/wp\/v2\/pages\/1378","targetHints":{"allow":["GET"]}}],"collection":[{"href":"https:\/\/karinehayek.com\/index.php?rest_route=\/wp\/v2\/pages"}],"about":[{"href":"https:\/\/karinehayek.com\/index.php?rest_route=\/wp\/v2\/types\/page"}],"author":[{"embeddable":true,"href":"https:\/\/karinehayek.com\/index.php?rest_route=\/wp\/v2\/users\/1"}],"replies":[{"embeddable":true,"href":"https:\/\/karinehayek.com\/index.php?rest_route=%2Fwp%2Fv2%2Fcomments&post=1378"}],"version-history":[{"count":5,"href":"https:\/\/karinehayek.com\/index.php?rest_route=\/wp\/v2\/pages\/1378\/revisions"}],"predecessor-version":[{"id":1448,"href":"https:\/\/karinehayek.com\/index.php?rest_route=\/wp\/v2\/pages\/1378\/revisions\/1448"}],"wp:attachment":[{"href":"https:\/\/karinehayek.com\/index.php?rest_route=%2Fwp%2Fv2%2Fmedia&parent=1378"}],"curies":[{"name":"wp","href":"https:\/\/api.w.org\/{rel}","templated":true}]}}