{"id":1408,"date":"2021-09-29T21:39:24","date_gmt":"2021-09-29T21:39:24","guid":{"rendered":"https:\/\/karinehayek.com\/?page_id=1408"},"modified":"2021-12-10T13:04:29","modified_gmt":"2021-12-10T13:04:29","slug":"pikam","status":"publish","type":"page","link":"https:\/\/karinehayek.com\/?page_id=1408&lang=fr","title":{"rendered":"pikam"},"content":{"rendered":"<div class=\"wpb-content-wrapper\"><p>[vc_row cth_layout=&#8221;page_sec&#8221; cth_row_width=&#8221;full_width&#8221; cth_padding=&#8221;no-padding&#8221; col_cen_pos=&#8221;&#8221; el_class=&#8221;slide2&#8243;][vc_column]\n\t\t\t<!-- START Home 04 REVOLUTION SLIDER 6.2.23 --><p class=\"rs-p-wp-fix\"><\/p>\n\t\t\t<rs-module-wrap id=\"rev_slider_4_1_wrapper\" data-source=\"gallery\" style=\"background:#121a2d;padding:0;\">\n\t\t\t\t<rs-module id=\"rev_slider_4_1\" style=\"\" data-version=\"6.2.23\">\n\t\t\t\t\t<rs-slides>\n\t\t\t\t\t\t<rs-slide data-key=\"rs-6\" data-title=\"Slide\" data-thumb=\"\/\/karinehayek.com\/wp-content\/uploads\/2021\/07\/Screen-Shot-2021-07-06-at-5.14.51-PM-100x50.png\" data-duration=\"9000\" data-anim=\"ei:d;eo:d;s:d;r:0;t:fadethroughdark;sl:d;\">\n\t\t\t\t\t\t\t<img data-recalc-dims=\"1\" loading=\"lazy\" decoding=\"async\" src=\"https:\/\/i0.wp.com\/karinehayek.com\/wp-content\/plugins\/revslider\/public\/assets\/assets\/dummy.png?resize=650%2C369\" title=\"Screen Shot 2021-07-06 at 5.14.51 PM\" width=\"650\" height=\"369\" data-lazyload=\"\/\/karinehayek.com\/wp-content\/uploads\/2021\/07\/Screen-Shot-2021-07-06-at-5.14.51-PM.png\" data-parallax=\"4\" data-panzoom=\"d:4000;e:power3.inOut;ss:150;se:100;\" class=\"rev-slidebg\" data-no-retina>\n<!---->\t\t\t\t\t\t<\/rs-slide>\n\t\t\t\t\t\t<rs-slide data-key=\"rs-7\" data-title=\"Slide\" data-thumb=\"\/\/karinehayek.com\/wp-content\/uploads\/2021\/07\/Screen-Shot-2021-07-06-at-5.14.51-PM-100x50.png\" data-duration=\"9000\" data-anim=\"ei:d;eo:d;s:d;r:0;t:fadethroughdark;sl:d;\">\n\t\t\t\t\t\t\t<img data-recalc-dims=\"1\" loading=\"lazy\" decoding=\"async\" src=\"https:\/\/i0.wp.com\/karinehayek.com\/wp-content\/plugins\/revslider\/public\/assets\/assets\/dummy.png?resize=650%2C369\" title=\"Screen Shot 2021-07-06 at 5.14.51 PM\" width=\"650\" height=\"369\" data-lazyload=\"\/\/karinehayek.com\/wp-content\/uploads\/2021\/07\/Screen-Shot-2021-07-06-at-5.14.51-PM.png\" data-parallax=\"4\" data-panzoom=\"d:4000;e:power3.inOut;ss:150;se:100;\" class=\"rev-slidebg\" data-no-retina>\n<!---->\t\t\t\t\t\t<\/rs-slide>\n\t\t\t\t\t<\/rs-slides>\n\t\t\t\t<\/rs-module>\n\t\t\t\t<script type=\"text\/javascript\">\n\t\t\t\t\tsetREVStartSize({c: 'rev_slider_4_1',rl:[1240,1024,778,480],el:[970,970,960,720],gw:[1240,1024,778,480],gh:[970,970,960,720],type:'standard',justify:'',layout:'fullscreen',offsetContainer:'',offset:'60',mh:\"0\"});\n\t\t\t\t\tvar\trevapi4,\n\t\t\t\t\t\ttpj;\n\t\t\t\t\tfunction revinit_revslider41() {\n\t\t\t\t\tjQuery(function() {\n\t\t\t\t\t\ttpj = jQuery;\n\t\t\t\t\t\trevapi4 = tpj(\"#rev_slider_4_1\");\n\t\t\t\t\t\tif(revapi4==undefined || revapi4.revolution == undefined){\n\t\t\t\t\t\t\trevslider_showDoubleJqueryError(\"rev_slider_4_1\");\n\t\t\t\t\t\t}else{\n\t\t\t\t\t\t\trevapi4.revolution({\n\t\t\t\t\t\t\t\tsliderLayout:\"fullscreen\",\n\t\t\t\t\t\t\t\tvisibilityLevels:\"1240,1024,778,480\",\n\t\t\t\t\t\t\t\tgridwidth:\"1240,1024,778,480\",\n\t\t\t\t\t\t\t\tgridheight:\"970,970,960,720\",\n\t\t\t\t\t\t\t\tlazyType:\"single\",\n\t\t\t\t\t\t\t\tperspective:600,\n\t\t\t\t\t\t\t\tperspectiveType:\"local\",\n\t\t\t\t\t\t\t\teditorheight:\"970,970,960,720\",\n\t\t\t\t\t\t\t\tresponsiveLevels:\"1240,1024,778,480\",\n\t\t\t\t\t\t\t\tfullScreenOffset:60,\n\t\t\t\t\t\t\t\tprogressBar:{disableProgressBar:true},\n\t\t\t\t\t\t\t\tnavigation: {\n\t\t\t\t\t\t\t\t\tmouseScrollNavigation:false,\n\t\t\t\t\t\t\t\t\tonHoverStop:false,\n\t\t\t\t\t\t\t\t\tarrows: {\n\t\t\t\t\t\t\t\t\t\tenable:true,\n\t\t\t\t\t\t\t\t\t\tstyle:\"uranus\",\n\t\t\t\t\t\t\t\t\t\tleft: {\n\t\t\t\t\t\t\t\t\t\t\th_offset:10\n\t\t\t\t\t\t\t\t\t\t},\n\t\t\t\t\t\t\t\t\t\tright: {\n\t\t\t\t\t\t\t\t\t\t\th_offset:10\n\t\t\t\t\t\t\t\t\t\t}\n\t\t\t\t\t\t\t\t\t}\n\t\t\t\t\t\t\t\t},\n\t\t\t\t\t\t\t\tparallax: {\n\t\t\t\t\t\t\t\t\tlevels:[5,10,15,20,25,30,35,40,45,46,47,48,49,50,51,55],\n\t\t\t\t\t\t\t\t\ttype:\"scroll\",\n\t\t\t\t\t\t\t\t\torigo:\"slidercenter\",\n\t\t\t\t\t\t\t\t\tspeedbg:400\n\t\t\t\t\t\t\t\t},\n\t\t\t\t\t\t\t\tfallbacks: {\n\t\t\t\t\t\t\t\t\tallowHTML5AutoPlayOnAndroid:true\n\t\t\t\t\t\t\t\t},\n\t\t\t\t\t\t\t});\n\t\t\t\t\t\t}\n\t\t\t\t\t\t\n\t\t\t\t\t});\n\t\t\t\t\t} \/\/ End of RevInitScript\n\t\t\t\tvar once_revslider41 = false;\n\t\t\t\tif (document.readyState === \"loading\") {document.addEventListener('readystatechange',function() { if((document.readyState === \"interactive\" || document.readyState === \"complete\") && !once_revslider41 ) { once_revslider41 = true; revinit_revslider41();}});} else {once_revslider41 = true; revinit_revslider41();}\n\t\t\t\t<\/script>\n\t\t\t\t<script>\n\t\t\t\t\tvar htmlDivCss = unescape(\"%23rev_slider_4_1_wrapper%20.uranus.tparrows%20%7B%0A%20%20width%3A50px%3B%0A%20%20height%3A50px%3B%0A%20%20background%3Argba%28255%2C255%2C255%2C0%29%3B%0A%20%7D%0A%20%23rev_slider_4_1_wrapper%20.uranus.tparrows%3Abefore%20%7B%0A%20width%3A50px%3B%0A%20height%3A50px%3B%0A%20line-height%3A50px%3B%0A%20font-size%3A40px%3B%0A%20transition%3Aall%200.3s%3B%0A-webkit-transition%3Aall%200.3s%3B%0A%20%7D%0A%20%0A%20%20%23rev_slider_4_1_wrapper%20.uranus.tparrows%3Ahover%3Abefore%20%7B%0A%20%20%20%20opacity%3A0.75%3B%0A%20%20%7D%0A\");\n\t\t\t\t\tvar htmlDiv = document.getElementById('rs-plugin-settings-inline-css');\n\t\t\t\t\tif(htmlDiv) {\n\t\t\t\t\t\thtmlDiv.innerHTML = htmlDiv.innerHTML + htmlDivCss;\n\t\t\t\t\t}else{\n\t\t\t\t\t\tvar htmlDiv = document.createElement('div');\n\t\t\t\t\t\thtmlDiv.innerHTML = '<style>' + htmlDivCss + '<\/style>';\n\t\t\t\t\t\tdocument.getElementsByTagName('head')[0].appendChild(htmlDiv.childNodes[0]);\n\t\t\t\t\t}\n\t\t\t\t<\/script>\n\t\t\t\t<script>\n\t\t\t\t\tvar htmlDivCss = unescape(\"%0A%0A\");\n\t\t\t\t\tvar htmlDiv = document.getElementById('rs-plugin-settings-inline-css');\n\t\t\t\t\tif(htmlDiv) {\n\t\t\t\t\t\thtmlDiv.innerHTML = htmlDiv.innerHTML + htmlDivCss;\n\t\t\t\t\t}else{\n\t\t\t\t\t\tvar htmlDiv = document.createElement('div');\n\t\t\t\t\t\thtmlDiv.innerHTML = '<style>' + htmlDivCss + '<\/style>';\n\t\t\t\t\t\tdocument.getElementsByTagName('head')[0].appendChild(htmlDiv.childNodes[0]);\n\t\t\t\t\t}\n\t\t\t\t<\/script>\n\t\t\t<\/rs-module-wrap>\n\t\t\t<!-- END REVOLUTION SLIDER -->\n[vc_row_inner][vc_column_inner][vc_empty_space][\/vc_column_inner][\/vc_row_inner][\/vc_column][\/vc_row][vc_row cth_layout=&#8221;page_sec&#8221; col_cen_pos=&#8221;&#8221; el_class=&#8221;content-inner-1&#8243; css=&#8221;.vc_custom_1625598384274{background-image: url(https:\/\/karinehayek.com\/wp-content\/uploads\/2021\/07\/Screen-Shot-2021-07-06-at-9.46.01-PM.png?id=1129) !important;background-position: center !important;background-repeat: no-repeat !important;background-size: cover !important;}&#8221;][vc_column css_animation=&#8221;fadeIn&#8221; ani_type=&#8221;fadeIn&#8221; ani_delay=&#8221;0.4s&#8221; offset=&#8221;vc_col-md-6&#8243;][vc_single_image image=&#8221;1354&#8243; img_size=&#8221;full&#8221; el_class=&#8221;radius-sm&#8221;][\/vc_column][vc_column ani_type=&#8221;fadeIn&#8221; ani_delay=&#8221;0.6s&#8221; offset=&#8221;vc_col-md-6&#8243;][archia_section_title title=&#8221;Pikam, Karine Hayek en artiste&#8221; title_style=&#8221;medium&#8221; section_loca=&#8221;&#8221;][\/archia_section_title][vc_column_text]Ainsi tout en canalisant cette \u00e9nergie d\u00e9ferlante pour exprimer le tr\u00e9fond de mes pens\u00e9es, le cheminement de mon travail se d\u00e9verse encore et toujours vers le questionnement du futur, du cosmos, de l\u2019infin, et de l\u2019humain. Et pas que!<\/p>\n<p>Alors d un geste ma\u00eetris\u00e9 je joint spontan\u00e9ment : \u00ab couleurs, mati\u00e8res et espace \u00bb<\/p>\n<p>J\u2019ai ressenti, essay\u00e9 et me suis laiss\u00e9e aller vers la philosophie de la vie. Tout signant Pikam, mes oeuvres se veulent une ode \u00e0 la vie sous toutes ses facettes![\/vc_column_text][cth_btn title=&#8221;About karine&#8221; link=&#8221;url:https%3A%2F%2Fkarinehayek.com%2F%3Fpage_id%3D1390%26lang%3Dfr|title:Film%20Strip&#8221;][\/vc_column][\/vc_row][vc_row][vc_column][vc_empty_space][\/vc_column][\/vc_row][vc_row cth_layout=&#8221;page_sec&#8221; cth_padding=&#8221;top80-bot0&#8243; col_cen_pos=&#8221;yes&#8221;][vc_column offset=&#8221;vc_col-md-6&#8243;][imgs_slider galimgs=&#8221;1225,1226,1227,1228,1229,1230,1231,1234,1235&#8243; spacing=&#8221;15&#8243; speed=&#8221;200&#8243; autoplay=&#8221;yes&#8221; show_dots=&#8221;yes&#8221;][\/vc_column][vc_column offset=&#8221;vc_col-md-6&#8243;][archia_section_title title=&#8221;Serie 1&#8243; section_loca=&#8221;&#8221;][\/archia_section_title][vc_column_text][\/vc_column_text][cth_btn title=&#8221;View Portfolio&#8221; link=&#8221;url:https%3A%2F%2Fkarinehayek.com%2F%3Fpage_id%3D1249|title:Contact%201&#8243;][\/vc_column][\/vc_row][vc_row cth_layout=&#8221;page_sec&#8221; cth_padding=&#8221;top80-bot0&#8243; col_cen_pos=&#8221;yes&#8221;][vc_column offset=&#8221;vc_col-md-6&#8243;][archia_section_title title=&#8221;Serie 2&#8243; section_loca=&#8221;&#8221;][\/archia_section_title][vc_column_text][\/vc_column_text][cth_btn title=&#8221;View Portfolio&#8221; link=&#8221;url:https%3A%2F%2Fkarinehayek.com%2F%3Fpage_id%3D1268|title:Contact%201&#8243;][\/vc_column][vc_column offset=&#8221;vc_col-md-6&#8243;][imgs_slider galimgs=&#8221;1254,1255,1256,1257,1258,1259,1260,1261,1262&#8243; spacing=&#8221;15&#8243; speed=&#8221;200&#8243; autoplay=&#8221;yes&#8221;][\/vc_column][\/vc_row][vc_row cth_layout=&#8221;page_sec&#8221; cth_padding=&#8221;top80-bot0&#8243; col_cen_pos=&#8221;yes&#8221;][vc_column offset=&#8221;vc_col-md-6&#8243;][imgs_slider galimgs=&#8221;1275,1276,1277,1278,1279,1280,1281,1282,1283,1284,1285,1286,1287,1288,1289,1290,1291,1292,1293,1294&#8243; spacing=&#8221;15&#8243; speed=&#8221;200&#8243; autoplay=&#8221;yes&#8221; show_dots=&#8221;yes&#8221;][\/vc_column][vc_column offset=&#8221;vc_col-md-6&#8243;][archia_section_title title=&#8221;Serie 3&#8243; section_loca=&#8221;&#8221;][\/archia_section_title][vc_column_text][\/vc_column_text][cth_btn title=&#8221;View Portfolio&#8221; link=&#8221;url:https%3A%2F%2Fkarinehayek.com%2F%3Fpage_id%3D1295|title:Contact%201&#8243;][\/vc_column][\/vc_row][vc_row cth_layout=&#8221;page_sec&#8221; cth_padding=&#8221;top80-bot0&#8243; col_cen_pos=&#8221;yes&#8221;][vc_column offset=&#8221;vc_col-md-6&#8243;][archia_section_title title=&#8221;The JOKER&#8221; section_loca=&#8221;&#8221;][\/archia_section_title][vc_column_text][\/vc_column_text][cth_btn title=&#8221;View Portfolio&#8221; link=&#8221;url:https%3A%2F%2Fkarinehayek.com%2F%3Fpage_id%3D1313|title:Contact%201&#8243;][\/vc_column][vc_column offset=&#8221;vc_col-md-6&#8243;][imgs_slider galimgs=&#8221;1301,1302,1303,1307,1308,1309,1310,1311&#8243; speed=&#8221;200&#8243;][\/vc_column][\/vc_row][vc_row cth_layout=&#8221;page_sec&#8221; cth_padding=&#8221;top80-bot0&#8243; col_cen_pos=&#8221;yes&#8221;][vc_column offset=&#8221;vc_col-md-6&#8243;][imgs_slider galimgs=&#8221;1331,1330,1329&#8243; spacing=&#8221;15&#8243; speed=&#8221;200&#8243; autoplay=&#8221;yes&#8221; show_dots=&#8221;yes&#8221;][\/vc_column][vc_column offset=&#8221;vc_col-md-6&#8243;][archia_section_title title=&#8221;Academic&#8221; section_loca=&#8221;&#8221;][\/archia_section_title][vc_column_text][\/vc_column_text][cth_btn title=&#8221;View Portfolio&#8221; link=&#8221;url:https%3A%2F%2Fkarinehayek.com%2F%3Fpage_id%3D1328|title:Contact%201&#8243;][\/vc_column][\/vc_row][vc_row cth_layout=&#8221;page_sec&#8221; cth_padding=&#8221;top80-bot0&#8243; col_cen_pos=&#8221;yes&#8221;][vc_column offset=&#8221;vc_col-md-6&#8243;][archia_section_title title=&#8221;Random Works&#8221; section_loca=&#8221;&#8221;][\/archia_section_title][vc_column_text][\/vc_column_text][cth_btn title=&#8221;View Portfolio&#8221; link=&#8221;url:https%3A%2F%2Fkarinehayek.com%2F%3Fpage_id%3D1313|title:Contact%201&#8243;][\/vc_column][vc_column offset=&#8221;vc_col-md-6&#8243;][imgs_slider galimgs=&#8221;1299,1300,1304,1305,1306,1122&#8243; speed=&#8221;200&#8243;][\/vc_column][\/vc_row]<\/p>\n<\/div>","protected":false},"excerpt":{"rendered":"<p>[vc_row cth_layout=&#8221;page_sec&#8221; cth_row_width=&#8221;full_width&#8221; cth_padding=&#8221;no-padding&#8221; col_cen_pos=&#8221;&#8221; el_class=&#8221;slide2&#8243;][vc_column][vc_row_inner][vc_column_inner][vc_empty_space][\/vc_column_inner][\/vc_row_inner][\/vc_column][\/vc_row][vc_row cth_layout=&#8221;page_sec&#8221; col_cen_pos=&#8221;&#8221; el_class=&#8221;content-inner-1&#8243; css=&#8221;.vc_custom_1625598384274{background-image: url(https:\/\/karinehayek.com\/wp-content\/uploads\/2021\/07\/Screen-Shot-2021-07-06-at-9.46.01-PM.png?id=1129) !important;background-position: center !important;background-repeat: no-repeat !important;background-size: cover !important;}&#8221;][vc_column css_animation=&#8221;fadeIn&#8221; ani_type=&#8221;fadeIn&#8221; ani_delay=&#8221;0.4s&#8221; offset=&#8221;vc_col-md-6&#8243;][vc_single_image image=&#8221;1354&#8243; img_size=&#8221;full&#8221; el_class=&#8221;radius-sm&#8221;][\/vc_column][vc_column ani_type=&#8221;fadeIn&#8221; ani_delay=&#8221;0.6s&#8221; offset=&#8221;vc_col-md-6&#8243;][archia_section_title title=&#8221;Pikam, Karine Hayek en artiste&#8221; title_style=&#8221;medium&#8221; section_loca=&#8221;&#8221;][\/archia_section_title][vc_column_text]Ainsi tout en canalisant cette \u00e9nergie d\u00e9ferlante pour exprimer le tr\u00e9fond de mes pens\u00e9es, le cheminement de mon travail se d\u00e9verse &hellip; <\/p>\n","protected":false},"author":1,"featured_media":0,"parent":0,"menu_order":0,"comment_status":"closed","ping_status":"closed","template":"home-page.php","meta":{"nf_dc_page":"","om_disable_all_campaigns":false,"_monsterinsights_skip_tracking":false,"_monsterinsights_sitenote_active":false,"_monsterinsights_sitenote_note":"","_monsterinsights_sitenote_category":0,"footnotes":""},"class_list":["post-1408","page","type-page","status-publish","hentry"],"aioseo_notices":[],"jetpack_sharing_enabled":true,"_links":{"self":[{"href":"https:\/\/karinehayek.com\/index.php?rest_route=\/wp\/v2\/pages\/1408","targetHints":{"allow":["GET"]}}],"collection":[{"href":"https:\/\/karinehayek.com\/index.php?rest_route=\/wp\/v2\/pages"}],"about":[{"href":"https:\/\/karinehayek.com\/index.php?rest_route=\/wp\/v2\/types\/page"}],"author":[{"embeddable":true,"href":"https:\/\/karinehayek.com\/index.php?rest_route=\/wp\/v2\/users\/1"}],"replies":[{"embeddable":true,"href":"https:\/\/karinehayek.com\/index.php?rest_route=%2Fwp%2Fv2%2Fcomments&post=1408"}],"version-history":[{"count":5,"href":"https:\/\/karinehayek.com\/index.php?rest_route=\/wp\/v2\/pages\/1408\/revisions"}],"predecessor-version":[{"id":1437,"href":"https:\/\/karinehayek.com\/index.php?rest_route=\/wp\/v2\/pages\/1408\/revisions\/1437"}],"wp:attachment":[{"href":"https:\/\/karinehayek.com\/index.php?rest_route=%2Fwp%2Fv2%2Fmedia&parent=1408"}],"curies":[{"name":"wp","href":"https:\/\/api.w.org\/{rel}","templated":true}]}}